{"id":20925,"date":"2024-01-29T19:12:57","date_gmt":"2024-01-29T19:12:57","guid":{"rendered":"https:\/\/eyeseduction.com\/?post_type=product&#038;p=20925"},"modified":"2025-05-19T14:22:14","modified_gmt":"2025-05-19T11:22:14","slug":"geanta-cosmetice-piele-pu","status":"publish","type":"product","link":"https:\/\/eyeseduction.com\/en\/product\/geanta-cosmetice-piele-pu\/","title":{"rendered":"Cosmetic bag No. 5"},"content":{"rendered":"","protected":false},"excerpt":{"rendered":"<h4 class=\"\" data-start=\"549\" data-end=\"614\">Geant\u0103 cosmetice piele PU \u2013 ideal\u0103 pentru organizare zilnic\u0103<\/h4>\n<p class=\"\" data-start=\"616\" data-end=\"930\">Geanta <strong data-start=\"623\" data-end=\"645\">cosmetice piele PU<\/strong> &#8220;Cosmetic Bag No. 5&#8221; este solu\u021bia ideal\u0103 pentru organizarea machiajelor \u0219i accesoriilor personale. Cu un design animat \u0219i dimensiuni compacte, acest organizator este perfect at\u00e2t pentru fetele tinere, c\u00e2t \u0219i pentru femeile care doresc s\u0103 adauge un strop de stil \u00een rutina lor zilnic\u0103.<\/p>\n<p class=\"\" data-start=\"932\" data-end=\"1194\">Fabricat\u0103 din <strong data-start=\"946\" data-end=\"958\">piele PU<\/strong> de \u00eenalt\u0103 calitate, geanta este u\u0219or de cur\u0103\u021bat \u0219i rezistent\u0103, av\u00e2nd un fermoar durabil \u0219i m\u00e2ner practic pentru transport. Imprimarea cu personaje din desene animate o face adorabil\u0103 \u0219i unic\u0103, potrivit\u0103 pentru vacan\u021be, birou sau acas\u0103.<\/p>\n<blockquote data-start=\"1196\" data-end=\"1372\">\n<p data-start=\"1198\" data-end=\"1372\">\n<p class=\"\" data-start=\"1198\" data-end=\"1372\"><strong>Descriere :<\/strong><\/p>\n<\/blockquote>\n<ul>\n<li>Culoare : multicolor<\/li>\n<li>Material: piele PU<\/li>\n<li>Marime: 21.5cm*12cm<\/li>\n<li>Furnitura : fermuar + miner.<\/li>\n<\/ul>\n<p><a href=\"https:\/\/eyeseduction.com\/cosmetic-bags\/\"><strong>Descoper\u0103 \u0219i celelalte gen\u021bi cosmetice disponibile aici pentru mai multe modele colorate \u0219i originale.<\/strong><\/a><\/p>\n","protected":false},"featured_media":20927,"comment_status":"closed","ping_status":"closed","template":"","meta":[],"product_brand":[],"product_cat":[83],"product_tag":[],"class_list":{"0":"post-20925","1":"product","2":"type-product","3":"status-publish","4":"has-post-thumbnail","6":"product_cat-cosmetic-bags","8":"first","9":"instock","10":"sale","11":"taxable","12":"shipping-taxable","13":"purchasable","14":"product-type-simple"},"_links":{"self":[{"href":"https:\/\/eyeseduction.com\/en\/wp-json\/wp\/v2\/product\/20925","targetHints":{"allow":["GET"]}}],"collection":[{"href":"https:\/\/eyeseduction.com\/en\/wp-json\/wp\/v2\/product"}],"about":[{"href":"https:\/\/eyeseduction.com\/en\/wp-json\/wp\/v2\/types\/product"}],"replies":[{"embeddable":true,"href":"https:\/\/eyeseduction.com\/en\/wp-json\/wp\/v2\/comments?post=20925"}],"version-history":[{"count":0,"href":"https:\/\/eyeseduction.com\/en\/wp-json\/wp\/v2\/product\/20925\/revisions"}],"wp:featuredmedia":[{"embeddable":true,"href":"https:\/\/eyeseduction.com\/en\/wp-json\/wp\/v2\/media\/20927"}],"wp:attachment":[{"href":"https:\/\/eyeseduction.com\/en\/wp-json\/wp\/v2\/media?parent=20925"}],"wp:term":[{"taxonomy":"product_brand","embeddable":true,"href":"https:\/\/eyeseduction.com\/en\/wp-json\/wp\/v2\/product_brand?post=20925"},{"taxonomy":"product_cat","embeddable":true,"href":"https:\/\/eyeseduction.com\/en\/wp-json\/wp\/v2\/product_cat?post=20925"},{"taxonomy":"product_tag","embeddable":true,"href":"https:\/\/eyeseduction.com\/en\/wp-json\/wp\/v2\/product_tag?post=20925"}],"curies":[{"name":"wp","href":"https:\/\/api.w.org\/{rel}","templated":true}]}}