{"id":2022,"date":"2023-10-27T09:41:36","date_gmt":"2023-10-27T08:41:36","guid":{"rendered":"https:\/\/eyeseduction.com\/?post_type=product&#038;p=2022"},"modified":"2025-05-27T12:51:00","modified_gmt":"2025-05-27T09:51:00","slug":"lentile-mercury-blue","status":"publish","type":"product","link":"https:\/\/eyeseduction.com\/en\/product\/lentile-mercury-blue\/","title":{"rendered":"Mercury Blue"},"content":{"rendered":"","protected":false},"excerpt":{"rendered":"<h2>Lentile Mercury Blue \u2013 Iris pictat manual pentru un efect spectaculos<\/h2>\n<p>Mercury Blue face parte dintr-o serie special\u0103 de lentile cu iris pictat manual, oferind un aspect incredibil de spectaculos datorit\u0103 pupilei restr\u00e2nse. Aceste lentile sunt perfecte pentru film\u0103ri, fotografii \u0219i alte evenimente speciale, cre\u00e2nd un efect vizual impresionant.<\/p>\n<p>V\u0103 rug\u0103m s\u0103 re\u021bine\u021bi c\u0103 lentilele din aceast\u0103 serie nu sunt recomandate pentru utilizarea \u00een locuri \u00eentunecate, precum baruri sau discoteci, \u0219i se folosesc cel mai bine \u00een medii cu lumin\u0103 abundent\u0103.<\/p>\n<p>Pentru a p\u0103stra lentilele \u00een condi\u021bii optime, v\u0103 recomand\u0103m s\u0103 folosi\u021bi solu\u021bia de cur\u0103\u021bare disponibil\u0103 Aici!(<a href=\"https:\/\/eyeseduction.com\/clear-lenses\/\">https:\/\/eyeseduction.com\/product\/solution-cleaner\/<\/a>) \u0219i s\u0103 explora\u021bi \u00eentreaga noastr\u0103 gam\u0103 de produse din categoria [<a href=\"https:\/\/eyeseduction.com\/color-lenses\/blue\/\">lentile colorate](https:\/\/eyeseduction.com\/product-category\/colored-lenses\/<\/a>).<\/p>\n","protected":false},"featured_media":2059,"comment_status":"closed","ping_status":"closed","template":"","meta":[],"product_brand":[],"product_cat":[80,139],"product_tag":[],"class_list":{"0":"post-2022","1":"product","2":"type-product","3":"status-publish","4":"has-post-thumbnail","6":"product_cat-color-lenses","7":"product_cat-blue","9":"first","10":"instock","11":"taxable","12":"shipping-taxable","13":"purchasable","14":"product-type-simple"},"_links":{"self":[{"href":"https:\/\/eyeseduction.com\/en\/wp-json\/wp\/v2\/product\/2022","targetHints":{"allow":["GET"]}}],"collection":[{"href":"https:\/\/eyeseduction.com\/en\/wp-json\/wp\/v2\/product"}],"about":[{"href":"https:\/\/eyeseduction.com\/en\/wp-json\/wp\/v2\/types\/product"}],"replies":[{"embeddable":true,"href":"https:\/\/eyeseduction.com\/en\/wp-json\/wp\/v2\/comments?post=2022"}],"version-history":[{"count":0,"href":"https:\/\/eyeseduction.com\/en\/wp-json\/wp\/v2\/product\/2022\/revisions"}],"wp:featuredmedia":[{"embeddable":true,"href":"https:\/\/eyeseduction.com\/en\/wp-json\/wp\/v2\/media\/2059"}],"wp:attachment":[{"href":"https:\/\/eyeseduction.com\/en\/wp-json\/wp\/v2\/media?parent=2022"}],"wp:term":[{"taxonomy":"product_brand","embeddable":true,"href":"https:\/\/eyeseduction.com\/en\/wp-json\/wp\/v2\/product_brand?post=2022"},{"taxonomy":"product_cat","embeddable":true,"href":"https:\/\/eyeseduction.com\/en\/wp-json\/wp\/v2\/product_cat?post=2022"},{"taxonomy":"product_tag","embeddable":true,"href":"https:\/\/eyeseduction.com\/en\/wp-json\/wp\/v2\/product_tag?post=2022"}],"curies":[{"name":"wp","href":"https:\/\/api.w.org\/{rel}","templated":true}]}}