{"id":1970,"date":"2023-10-27T09:41:15","date_gmt":"2023-10-27T08:41:15","guid":{"rendered":"https:\/\/eyeseduction.com\/?post_type=product&#038;p=1970"},"modified":"2025-09-04T12:32:46","modified_gmt":"2025-09-04T09:32:46","slug":"lentile-gogh-n-ice-gray","status":"publish","type":"product","link":"https:\/\/eyeseduction.com\/en\/product\/lentile-gogh-n-ice-gray\/","title":{"rendered":"Gogh N Ice Gray"},"content":{"rendered":"","protected":false},"excerpt":{"rendered":"<h2>Lentile Gogh N Ice Gray \u2013 Iris pictat manual pentru un efect spectaculos<\/h2>\n<p>Seria special\u0103 lentile Gogh N Ice Gray ofer\u0103 lentile cu irisul pictat manual, ce se remarc\u0103 printr-un aspect incredibil de spectaculos datorit\u0103 dimensiunii restr\u00e2nse a pupilei. Aceste lentile sunt perfecte pentru film\u0103ri, \u0219edin\u021be foto \u0219i alte evenimente unde dori\u021bi s\u0103 v\u0103 eviden\u021bia\u021bi privirea.<\/p>\n<p>V\u0103 rug\u0103m s\u0103 re\u021bine\u021bi c\u0103 lentilele din aceast\u0103 serie nu sunt potrivite pentru utilizare \u00een locuri \u00eentunecate, precum baruri sau discoteci, deoarece pot afecta vederea. Se recomand\u0103 purtarea lor \u00een medii cu lumin\u0103 abundent\u0103.<\/p>\n<p>Pre\u021bul este indicat pentru o pereche de lentile f\u0103r\u0103 sticla cu solu\u021bie.<\/p>\n<p>Pentru solu\u021bia de cur\u0103\u021bare, v\u0103 rug\u0103m s\u0103 comanda\u021bi [aici](<a href=\"https:\/\/eyeseduction.com\/clear-lenses\/\">https:\/\/eyeseduction.com\/product\/solution-cleaner\/<\/a>).<\/p>\n<p>Descoperi\u021bi \u0219i alte modele din categoria noastr\u0103 de [lentile colorate](<a href=\"https:\/\/eyeseduction.com\/color-lenses\/gray\/\">https:\/\/eyeseduction.com\/product-category\/colored-lenses\/<\/a>).<\/p>\n","protected":false},"featured_media":2050,"comment_status":"closed","ping_status":"closed","template":"","meta":[],"product_brand":[],"product_cat":[80,140],"product_tag":[],"class_list":{"0":"post-1970","1":"product","2":"type-product","3":"status-publish","4":"has-post-thumbnail","6":"product_cat-color-lenses","7":"product_cat-gray","9":"first","10":"instock","11":"taxable","12":"shipping-taxable","13":"purchasable","14":"product-type-simple"},"_links":{"self":[{"href":"https:\/\/eyeseduction.com\/en\/wp-json\/wp\/v2\/product\/1970","targetHints":{"allow":["GET"]}}],"collection":[{"href":"https:\/\/eyeseduction.com\/en\/wp-json\/wp\/v2\/product"}],"about":[{"href":"https:\/\/eyeseduction.com\/en\/wp-json\/wp\/v2\/types\/product"}],"replies":[{"embeddable":true,"href":"https:\/\/eyeseduction.com\/en\/wp-json\/wp\/v2\/comments?post=1970"}],"version-history":[{"count":0,"href":"https:\/\/eyeseduction.com\/en\/wp-json\/wp\/v2\/product\/1970\/revisions"}],"wp:featuredmedia":[{"embeddable":true,"href":"https:\/\/eyeseduction.com\/en\/wp-json\/wp\/v2\/media\/2050"}],"wp:attachment":[{"href":"https:\/\/eyeseduction.com\/en\/wp-json\/wp\/v2\/media?parent=1970"}],"wp:term":[{"taxonomy":"product_brand","embeddable":true,"href":"https:\/\/eyeseduction.com\/en\/wp-json\/wp\/v2\/product_brand?post=1970"},{"taxonomy":"product_cat","embeddable":true,"href":"https:\/\/eyeseduction.com\/en\/wp-json\/wp\/v2\/product_cat?post=1970"},{"taxonomy":"product_tag","embeddable":true,"href":"https:\/\/eyeseduction.com\/en\/wp-json\/wp\/v2\/product_tag?post=1970"}],"curies":[{"name":"wp","href":"https:\/\/api.w.org\/{rel}","templated":true}]}}